{"id":1834,"date":"2024-10-01T11:20:47","date_gmt":"2024-10-01T09:20:47","guid":{"rendered":"https:\/\/wildlife-moviemaking.thelastbee.ch\/?page_id=1834"},"modified":"2024-10-04T15:12:04","modified_gmt":"2024-10-04T13:12:04","slug":"mes-cameras","status":"publish","type":"page","link":"https:\/\/wildlife-moviemaking.thelastbee.ch\/en\/mes-cameras\/","title":{"rendered":"My cameras"},"content":{"rendered":"<p>[et_pb_section fb_built=\u00a0\u00bb1&Prime; _builder_version=\u00a0\u00bb4.18.0&Prime; _module_preset=\u00a0\u00bbdefault\u00a0\u00bb background_color=\u00a0\u00bb#565868&Prime; custom_padding=\u00a0\u00bb20px||15px|0px||\u00a0\u00bb global_colors_info=\u00a0\u00bb{}\u00a0\u00bb][et_pb_row _builder_version=\u00a0\u00bb4.18.0&Prime; _module_preset=\u00a0\u00bbdefault\u00a0\u00bb min_height=\u00a0\u00bb127px\u00a0\u00bb global_colors_info=\u00a0\u00bb{}\u00a0\u00bb][et_pb_column type=\u00a0\u00bb4_4&Prime; _builder_version=\u00a0\u00bb4.18.0&Prime; _module_preset=\u00a0\u00bbdefault\u00a0\u00bb global_colors_info=\u00a0\u00bb{}\u00a0\u00bb][et_pb_text _builder_version=\u00a0\u00bb4.22.1&Prime; _module_preset=\u00a0\u00bbdefault\u00a0\u00bb text_font=\u00a0\u00bb|600|||||||\u00a0\u00bb text_text_color=\u00a0\u00bb#FFFFFF\u00a0\u00bb text_font_size=\u00a0\u00bb32px\u00a0\u00bb text_line_height=\u00a0\u00bb1.3em\u00a0\u00bb background_color=\u00a0\u00bb#565868&Prime; text_font_size_tablet=\u00a0\u00bb32px\u00a0\u00bb text_font_size_phone=\u00a0\u00bb24px\u00a0\u00bb text_font_size_last_edited=\u00a0\u00bbon|phone\u00a0\u00bb global_colors_info=\u00a0\u00bb{}\u00a0\u00bb]<\/p>\n<p>My cameras<\/p>\n<p>[\/et_pb_text][et_pb_text _builder_version=\u00a0\u00bb4.27.0&Prime; _module_preset=\u00a0\u00bbdefault\u00a0\u00bb text_font=\u00a0\u00bb|600|||||||\u00a0\u00bb text_text_color=\u00a0\u00bb#FFFFFF\u00a0\u00bb text_font_size=\u00a0\u00bb22px\u00a0\u00bb text_line_height=\u00a0\u00bb1.3em\u00a0\u00bb text_font_size_tablet=\u00a0\u00bb20px\u00a0\u00bb text_font_size_phone=\u00a0\u00bb18px\u00a0\u00bb text_font_size_last_edited=\u00a0\u00bbon|desktop\u00a0\u00bb saved_tabs=\u00a0\u00bball\u00a0\u00bb global_colors_info=\u00a0\u00bb{}\u00a0\u00bb]<\/p>\n<p>25 years of shooting in nature and 8 cameras<\/p>\n<p>[\/et_pb_text][\/et_pb_column][\/et_pb_row][\/et_pb_section][et_pb_section fb_built=\u00a0\u00bb1&Prime; admin_label=\u00a0\u00bbSection principale\u00a0\u00bb _builder_version=\u00a0\u00bb4.18.0&Prime; _module_preset=\u00a0\u00bbdefault\u00a0\u00bb background_color=\u00a0\u00bb#34353f\u00a0\u00bb width=\u00a0\u00bb100%\u00a0\u00bb max_width=\u00a0\u00bb100%\u00a0\u00bb global_colors_info=\u00a0\u00bb{}\u00a0\u00bb][et_pb_row _builder_version=\u00a0\u00bb4.27.0&Prime; _module_preset=\u00a0\u00bbdefault\u00a0\u00bb global_colors_info=\u00a0\u00bb{}\u00a0\u00bb][et_pb_column type=\u00a0\u00bb4_4&Prime; _builder_version=\u00a0\u00bb4.27.0&Prime; _module_preset=\u00a0\u00bbdefault\u00a0\u00bb global_colors_info=\u00a0\u00bb{}\u00a0\u00bb][et_pb_text _builder_version=\u00a0\u00bb4.27.0&Prime; _module_preset=\u00a0\u00bbdefault\u00a0\u00bb global_colors_info=\u00a0\u00bb{}\u00a0\u00bb]<\/p>\n<p><b>From 1998 to 2009, my MiniDV cameras<\/b><\/p>\n<p><b>From 2009 to 2012, I move to HDV<\/b><\/p>\n<p><b>From 2012 to 2014, the Panasonic AG-AC 130 AVCHD<\/b><\/p>\n<p><b>From 2014 to 2019, the Canon XA20 in 1080p<\/b><\/p>\n<p><b>Since 2019, finally 4k with the Canon XA40<\/b><\/p>\n<p>[\/et_pb_text][\/et_pb_column][\/et_pb_row][et_pb_row column_structure=\u00a0\u00bb2_3,1_3&Prime; _builder_version=\u00a0\u00bb4.22.1&Prime; _module_preset=\u00a0\u00bbdefault\u00a0\u00bb global_colors_info=\u00a0\u00bb{}\u00a0\u00bb][et_pb_column type=\u00a0\u00bb2_3&Prime; _builder_version=\u00a0\u00bb4.22.1&Prime; _module_preset=\u00a0\u00bbdefault\u00a0\u00bb global_colors_info=\u00a0\u00bb{}\u00a0\u00bb][et_pb_image src=\u00a0\u00bbhttps:\/\/wildlife-moviemaking.thelastbee.ch\/wp-content\/uploads\/2024\/10\/Resolution-cameras-scaled.jpg\u00a0\u00bb title_text=\u00a0\u00bbR\u00e9solution cam\u00e9ras\u00a0\u00bb _builder_version=\u00a0\u00bb4.27.0&Prime; _module_preset=\u00a0\u00bbdefault\u00a0\u00bb global_colors_info=\u00a0\u00bb{}\u00a0\u00bb][\/et_pb_image][et_pb_text _builder_version=\u00a0\u00bb4.27.0&Prime; _module_preset=\u00a0\u00bbdefault\u00a0\u00bb global_colors_info=\u00a0\u00bb{}\u00a0\u00bb]La diff\u00e9rence entre pixels rectangulaires et carr\u00e9s appara\u00eet clairement entre le HDV et l&rsquo;AVCHD.[\/et_pb_text][\/et_pb_column][et_pb_column type=\u00a0\u00bb1_3&Prime; _builder_version=\u00a0\u00bb4.27.0&Prime; _module_preset=\u00a0\u00bbdefault\u00a0\u00bb global_colors_info=\u00a0\u00bb{}\u00a0\u00bb][et_pb_text _builder_version=\u00a0\u00bb4.27.0&Prime; _module_preset=\u00a0\u00bbdefault\u00a0\u00bb global_colors_info=\u00a0\u00bb{}\u00a0\u00bb]<\/p>\n<p>In the MiniDV and HDV, the pixels are rectangular, while they are square on a TV. The resolution of the MiniDV and HDV must therefore be extrapolated to 768\u00d7576 and 1920\u00d71080 pixels for a correct display on the screen.<\/p>\n<p>In AVCHD cameras, recording clips on SD cards, the pixels are square and no extrapolation is necessary for the display on the TV, hence a sharpness gain that can be significant.<\/p>\n<p>Cependant, il n&rsquo;y a plus moyen de sauvegarder les montages sur cassette MiniDV ou HDV et l&rsquo;achat de gros disques durs s&rsquo;impose. 10 minutes de vid\u00e9o 4K r\u00e9clament en effet 16 GB d&rsquo;espace disque.[\/et_pb_text][\/et_pb_column][\/et_pb_row][\/et_pb_section]<\/p>","protected":false},"excerpt":{"rendered":"<p>Mes cam\u00e9ras25 ans de prises de vues dans la nature et 8 cam\u00e9rasDe 1998 \u00e0 2009, mes cam\u00e9ras MiniDV De 2009 \u00e0 2012, je passe au HDV De 2012 \u00e0 2014, la Panasonic AG-AC 130 AVCHD De 2014 \u00e0 2019, la Canon XA20 en 1080p Depuis 2019, enfin la 4k avec la Canon XA40La diff\u00e9rence [&hellip;]<\/p>","protected":false},"author":1,"featured_media":0,"parent":0,"menu_order":0,"comment_status":"closed","ping_status":"closed","template":"","meta":{"_et_pb_use_builder":"on","_et_pb_old_content":"","_et_gb_content_width":"","footnotes":""},"class_list":["post-1834","page","type-page","status-publish","hentry"],"_links":{"self":[{"href":"https:\/\/wildlife-moviemaking.thelastbee.ch\/en\/wp-json\/wp\/v2\/pages\/1834","targetHints":{"allow":["GET"]}}],"collection":[{"href":"https:\/\/wildlife-moviemaking.thelastbee.ch\/en\/wp-json\/wp\/v2\/pages"}],"about":[{"href":"https:\/\/wildlife-moviemaking.thelastbee.ch\/en\/wp-json\/wp\/v2\/types\/page"}],"author":[{"embeddable":true,"href":"https:\/\/wildlife-moviemaking.thelastbee.ch\/en\/wp-json\/wp\/v2\/users\/1"}],"replies":[{"embeddable":true,"href":"https:\/\/wildlife-moviemaking.thelastbee.ch\/en\/wp-json\/wp\/v2\/comments?post=1834"}],"version-history":[{"count":21,"href":"https:\/\/wildlife-moviemaking.thelastbee.ch\/en\/wp-json\/wp\/v2\/pages\/1834\/revisions"}],"predecessor-version":[{"id":1956,"href":"https:\/\/wildlife-moviemaking.thelastbee.ch\/en\/wp-json\/wp\/v2\/pages\/1834\/revisions\/1956"}],"wp:attachment":[{"href":"https:\/\/wildlife-moviemaking.thelastbee.ch\/en\/wp-json\/wp\/v2\/media?parent=1834"}],"curies":[{"name":"wp","href":"https:\/\/api.w.org\/{rel}","templated":true}]}}